{"id":1000,"date":"2021-09-23T17:59:46","date_gmt":"2021-09-23T20:59:46","guid":{"rendered":"https:\/\/pecabrasil.com.br\/pecabrasil\/?page_id=1000"},"modified":"2022-03-29T16:46:23","modified_gmt":"2022-03-29T19:46:23","slug":"sobre","status":"publish","type":"page","link":"https:\/\/pecabrasil.com.br\/pecabrasil\/sobre\/","title":{"rendered":"Sobre"},"content":{"rendered":"<p>[vc_row content_placement=&#8221;middle&#8221; wrap_container=&#8221;yes&#8221; el_class=&#8221;my-5 pt-md-4 pt-xl-0&#8243; css=&#8221;.vc_custom_1632423691068{padding-top: 40px !important;padding-bottom: 40px !important;background-color: #ebf3f7 !important;}&#8221;][vc_column el_class=&#8221;pb-sm-4 pb-lg-0 mb-5 mb-lg-0&#8243; offset=&#8221;vc_col-md-6&#8243;][vc_custom_heading text=&#8221;Atuamos h\u00e1 mais de 41 anos&#8221; use_theme_fonts=&#8221;yes&#8221; skin=&#8221;primary&#8221; animation_type=&#8221;fadeInUp&#8221; el_class=&#8221;mb-0&#8243;][vc_separator color=&#8221;custom&#8221; align=&#8221;align_left&#8221; border_width=&#8221;4&#8243; css_animation=&#8221;left-to-right&#8221; style=&#8221;solid&#8221; el_class=&#8221;custom-separator customLineProgressAnim my-3&#8243; accent_color=&#8221;#04af86&#8243;][vc_column_text]Chegamos em Minas Gerais e S\u00e3o Paulo para oferecer toda nossa experi\u00eancia e qualidade em distribui\u00e7\u00e3o de pe\u00e7as automotivas. Atuamos h\u00e1 mais de 41 anos no mercado e fazemos parte do <b><a style=\"color: #09358e;\" href=\"http:\/\/www.autonorte.com.br\" target=\"_blank\" rel=\"noopener\">Grupo Auto Norte<\/a><\/b>, distribuidora que conta com mais de 800 colaboradores diretos e indiretos e est\u00e1 presente no Nordeste e agora no Sudeste do pa\u00eds.[\/vc_column_text][vc_custom_heading text=&#8221;Todo esse sucesso se d\u00e1 ao nosso trabalho \u00e1rduo e dedica\u00e7\u00e3o, buscando sempre ser o distribuidor preferido dos nossos clientes em todas as regi\u00f5es que atuamos.&#8221; font_container=&#8221;tag:p|text_align:left&#8221; use_theme_fonts=&#8221;yes&#8221; animation_delay=&#8221;700&#8243; el_class=&#8221;pb-1 mb-4&#8243; animation_type=&#8221;fadeInUp&#8221;][vc_custom_heading text=&#8221;Somos refer\u00eancia em distribui\u00e7\u00e3o de pe\u00e7as automotivas.&#8221; font_container=&#8221;tag:h4|font_size:1.35em|text_align:left|color:%23969696|line_height:1.7&#8243; use_theme_fonts=&#8221;yes&#8221; font_weight=&#8221;700&#8243; letter_spacing=&#8221;-0.945px&#8221; animation_delay=&#8221;800&#8243; animation_type=&#8221;fadeInUp&#8221; el_class=&#8221;mb-1&#8243;][vc_custom_heading text=&#8221;MAIOR VARIEDADE, MAIS R\u00c1PIDO E MAIS PERTO.&#8221; font_container=&#8221;tag:h2|font_size:2.3em|text_align:left|line_height:44px&#8221; use_theme_fonts=&#8221;yes&#8221; skin=&#8221;primary&#8221; letter_spacing=&#8221;-1.61px&#8221; animation_delay=&#8221;1100&#8243; el_class=&#8221;mb-4 pb-2&#8243; animation_type=&#8221;fadeInUp&#8221;][\/vc_column][vc_column width=&#8221;3\/4&#8243; animation_delay=&#8221;1450&#8243; el_class=&#8221;pl-lg-5 pr-5 custom-auto-img&#8221; offset=&#8221;vc_col-md-6 vc_col-xs-10&#8243; animation_type=&#8221;fadeInLeft&#8221;][vc_single_image image=&#8221;965&#8243; img_size=&#8221;full&#8221; floating_start_pos=&#8221;top&#8221; floating_speed=&#8221;9.8&#8243; floating_duration=&#8221;1000&#8243; el_class=&#8221;mb-0&#8243;][\/vc_column][\/vc_row][vc_row wrap_container=&#8221;yes&#8221; css=&#8221;.vc_custom_1528969702599{margin-top: 15px !important;margin-bottom: 40px !important;padding-top: 60px !important;}&#8221;][vc_column width=&#8221;1\/4&#8243;][vc_custom_heading text=&#8221;Pe\u00e7a Brasil&#8221; font_container=&#8221;tag:h2|text_align:left|line_height:42px&#8221; use_theme_fonts=&#8221;yes&#8221; el_class=&#8221;font-weight-bold&#8221; css=&#8221;.vc_custom_1629150589049{margin-bottom: 15px !important;}&#8221;][vc_separator color=&#8221;custom&#8221; align=&#8221;align_left&#8221; border_width=&#8221;4&#8243; css_animation=&#8221;left-to-right&#8221; style=&#8221;solid&#8221; el_class=&#8221;custom-separator customLineProgressAnim my-3&#8243; accent_color=&#8221;#04af86&#8243;][vc_custom_heading text=&#8221;Com uma equipe experiente e fornecedores de alta qualidade, estamos prontos para atender \u00e0s suas demandas com rapidez e transpar\u00eancia.&#8221; font_container=&#8221;tag:p|text_align:left&#8221; use_theme_fonts=&#8221;yes&#8221; animation_delay=&#8221;700&#8243; el_class=&#8221;pb-1 mb-4&#8243; animation_type=&#8221;fadeInUp&#8221;][\/vc_column][vc_column width=&#8221;3\/4&#8243; el_class=&#8221;custom-counters-column&#8221; css=&#8221;.vc_custom_1484904385121{margin-top: 35px !important;}&#8221;][vc_row_inner][vc_column_inner width=&#8221;1\/3&#8243; css=&#8221;.vc_custom_1485263686475{padding-top: 30px !important;padding-right: 30px !important;padding-left: 60px !important;background-color: #ffffff !important;}&#8221;]<div class=\"stats-block stats-left   wpb_custom_a517333ace5b1666c6af8bd4684f1de9 \"><div class=\"porto-sicon-left\"><div class=\"porto-just-icon-wrapper porto-icon none\" style=\"color:#09358e;font-size:32px;\"><i class=\"porto-icon-calendar\"><\/i><\/div><\/div><div class=\"stats-desc\"><div id=\"counter_11372452869de3113e259c\" data-id=\"counter_11372452869de3113e259c\" class=\"stats-number\" style=\" font-size:45px;color:#4dbb6d;\" data-speed=\"3\" data-counter-value=\"41\" data-separator=\".\" data-decimal=\",\">0<\/div><div class=\"counter_suffix mycust\" style=\" font-size:45px;color:#4dbb6d\">+<\/div><div class=\"stats-text\" style=\"color:#1e1e24;\">Anos no mercado<\/div><\/div><\/div>[\/vc_column_inner][vc_column_inner width=&#8221;1\/3&#8243; css=&#8221;.vc_custom_1484901463613{border-left-width: 1px !important;padding-top: 30px !important;padding-right: 30px !important;padding-left: 30px !important;border-left-color: #dadada !important;border-left-style: solid !important;}&#8221;]<div class=\"stats-block stats-left   wpb_custom_a517333ace5b1666c6af8bd4684f1de9 \"><div class=\"porto-sicon-left\"><div class=\"porto-just-icon-wrapper porto-icon none\" style=\"color:#09358e;font-size:32px;\"><i class=\"porto-icon-users\"><\/i><\/div><\/div><div class=\"stats-desc\"><div id=\"counter_212604088469de3113e275f\" data-id=\"counter_212604088469de3113e275f\" class=\"stats-number\" style=\" font-size:45px;color:#4dbb6d;\" data-speed=\"3\" data-counter-value=\"900\" data-separator=\".\" data-decimal=\",\">0<\/div><div class=\"counter_suffix mycust\" style=\" font-size:45px;color:#4dbb6d\">+<\/div><div class=\"stats-text\" style=\"color:#1e1e24;\">Colaboradores<\/div><\/div><\/div>[\/vc_column_inner][vc_column_inner width=&#8221;1\/3&#8243; css=&#8221;.vc_custom_1629159389506{border-left-width: 1px !important;padding-top: 30px !important;padding-right: 30px !important;padding-left: 30px !important;border-left-color: #dadada !important;border-left-style: solid !important;}&#8221;]<div class=\"stats-block stats-left   wpb_custom_a517333ace5b1666c6af8bd4684f1de9 \"><div class=\"porto-sicon-left\"><div class=\"porto-just-icon-wrapper porto-icon none\" style=\"color:#09358e;font-size:32px;\"><i class=\"porto-icon-fazer-compras\"><\/i><\/div><\/div><div class=\"stats-desc\"><div id=\"counter_10941964969de3113e2897\" data-id=\"counter_10941964969de3113e2897\" class=\"stats-number\" style=\" font-size:45px;color:#4dbb6d;\" data-speed=\"3\" data-counter-value=\"10\" data-separator=\".\" data-decimal=\",\">0<\/div><div class=\"counter_suffix mycust\" style=\" font-size:45px;color:#4dbb6d\">+<\/div><div class=\"stats-text\" style=\"color:#1e1e24;\">Unidades<\/div><\/div><\/div>[\/vc_column_inner][\/vc_row_inner][vc_row_inner css=&#8221;.vc_custom_1629159475611{border-top-width: 1px !important;border-top-color: #dadada !important;border-top-style: solid !important;}&#8221;][vc_column_inner width=&#8221;1\/3&#8243; css=&#8221;.vc_custom_1484901956433{padding-top: 30px !important;padding-right: 30px !important;padding-left: 60px !important;}&#8221;]<div class=\"stats-block stats-left   wpb_custom_a517333ace5b1666c6af8bd4684f1de9 \"><div class=\"porto-sicon-left\"><div class=\"porto-just-icon-wrapper porto-icon none\" style=\"color:#09358e;font-size:32px;\"><i class=\"porto-icon-smiling-baby\"><\/i><\/div><\/div><div class=\"stats-desc\"><div id=\"counter_4091911069de3113e29e3\" data-id=\"counter_4091911069de3113e29e3\" class=\"stats-number\" style=\" font-size:45px;color:#4dbb6d;\" data-speed=\"3\" data-counter-value=\"65000\" data-separator=\".\" data-decimal=\",\">0<\/div><div class=\"counter_suffix mycust\" style=\" font-size:45px;color:#4dbb6d\">+<\/div><div class=\"stats-text\" style=\"color:#1e1e24;\">Clientes satisfeitos<\/div><\/div><\/div>[\/vc_column_inner][vc_column_inner width=&#8221;1\/3&#8243; css=&#8221;.vc_custom_1629159340016{border-left-width: 1px !important;padding-top: 30px !important;padding-right: 30px !important;padding-left: 30px !important;background-color: #ffffff !important;border-left-color: #dadada !important;border-left-style: solid !important;}&#8221;]<div class=\"stats-block stats-left   wpb_custom_a517333ace5b1666c6af8bd4684f1de9 \"><div class=\"porto-sicon-left\"><div class=\"porto-just-icon-wrapper porto-icon none\" style=\"color:#09358e;font-size:32px;\"><i class=\"porto-icon-cart\"><\/i><\/div><\/div><div class=\"stats-desc\"><div id=\"counter_161135943669de3113e2aff\" data-id=\"counter_161135943669de3113e2aff\" class=\"stats-number\" style=\" font-size:45px;color:#4dbb6d;\" data-speed=\"3\" data-counter-value=\"60000\" data-separator=\".\" data-decimal=\",\">0<\/div><div class=\"counter_suffix mycust\" style=\" font-size:45px;color:#4dbb6d\">+<\/div><div class=\"stats-text\" style=\"color:#1e1e24;\">Itens comercializados<\/div><\/div><\/div>[\/vc_column_inner][vc_column_inner width=&#8221;1\/3&#8243; css=&#8221;.vc_custom_1629159347140{border-left-width: 1px !important;padding-top: 30px !important;padding-right: 30px !important;padding-left: 30px !important;border-left-color: #dadada !important;border-left-style: solid !important;}&#8221;]<div class=\"stats-block stats-left   wpb_custom_a517333ace5b1666c6af8bd4684f1de9 \"><div class=\"porto-sicon-left\"><div class=\"porto-just-icon-wrapper porto-icon none\" style=\"color:#09358e;font-size:32px;\"><i class=\"porto-icon-shipped\"><\/i><\/div><\/div><div class=\"stats-desc\"><div id=\"counter_175832128769de3113e2c19\" data-id=\"counter_175832128769de3113e2c19\" class=\"stats-number\" style=\" font-size:45px;color:#4dbb6d;\" data-speed=\"3\" data-counter-value=\"150\" data-separator=\".\" data-decimal=\",\">0<\/div><div class=\"counter_suffix mycust\" style=\" font-size:45px;color:#4dbb6d\">+<\/div><div class=\"stats-text\" style=\"color:#1e1e24;\">Fornecedores<\/div><\/div><\/div>[\/vc_column_inner][\/vc_row_inner][\/vc_column][\/vc_row][vc_row wrap_container=&#8221;yes&#8221; css=&#8221;.vc_custom_1544195310162{padding-top: 90px !important;padding-bottom: 50px !important;}&#8221;][vc_column width=&#8221;1\/3&#8243; animation_delay=&#8221;300&#8243; animation_type=&#8221;fadeInLeft&#8221;]<div class=\"porto-content-box featured-boxes wpb_content_element \"><div class=\"featured-box featured-box-primary featured-box-effect-1\"><div class=\"box-content\" style=\"\"><i class=\"icon-featured fas fa-rocket\"><\/i>[vc_column_text]<\/p>\n<h4 class=\"text-uppercase font-size-md font-weight-bold text-color-primary\">Miss\u00e3o<\/h4>\n<p>Ser o distribuidor preferido dos clientes, comercializando pe\u00e7as, componentes e solu\u00e7\u00f5es para o mercado de reposi\u00e7\u00e3o de ve\u00edculos automotores e ind\u00fastria, atuando com \u00e9tica, transpar\u00eancia e profissionalismo.[\/vc_column_text]<\/div><\/div><\/div>[\/vc_column][vc_column width=&#8221;1\/3&#8243; animation_type=&#8221;fadeInLeft&#8221;]<div class=\"porto-content-box featured-boxes wpb_content_element \"><div class=\"featured-box featured-box-secondary featured-box-effect-1\"><div class=\"box-content\" style=\"\"><i class=\"icon-featured fas fa-eye\"><\/i>[vc_column_text]<\/p>\n<h4 class=\"text-uppercase font-size-md font-weight-bold text-color-secundary\">Vis\u00e3o<\/h4>\n<p>Ser o distribuidor preferido dos clientes.[\/vc_column_text]<\/div><\/div><\/div>[\/vc_column][vc_column width=&#8221;1\/3&#8243; animation_type=&#8221;fadeInRight&#8221;]<div class=\"porto-content-box featured-boxes wpb_content_element \"><div class=\"featured-box featured-box-primary featured-box-effect-1\"><div class=\"box-content\" style=\"\"><i class=\"icon-featured fas fa-recycle\"><\/i>[vc_column_text]<\/p>\n<h4 class=\"text-uppercase font-size-md font-weight-bold text-color-primary\">Valores<\/h4>\n<p>\u00c9tica<\/p>\n<p>Transpar\u00eancia<\/p>\n<p>Profissionalismo[\/vc_column_text]<\/div><\/div><\/div>[\/vc_column][\/vc_row]<\/p>\n","protected":false},"excerpt":{"rendered":"<p>[vc_row content_placement=&#8221;middle&#8221; wrap_container=&#8221;yes&#8221; el_class=&#8221;my-5 pt-md-4 pt-xl-0&#8243; css=&#8221;.vc_custom_1632423691068{padding-top: 40px !important;padding-bottom: 40px !important;background-color: #ebf3f7 !important;}&#8221;][vc_column el_class=&#8221;pb-sm-4 pb-lg-0 mb-5 mb-lg-0&#8243; offset=&#8221;vc_col-md-6&#8243;][vc_custom_heading text=&#8221;Atuamos h\u00e1 mais de 41 anos&#8221; use_theme_fonts=&#8221;yes&#8221; skin=&#8221;primary&#8221; animation_type=&#8221;fadeInUp&#8221; el_class=&#8221;mb-0&#8243;][vc_separator color=&#8221;custom&#8221; align=&#8221;align_left&#8221; border_width=&#8221;4&#8243; css_animation=&#8221;left-to-right&#8221; style=&#8221;solid&#8221; el_class=&#8221;custom-separator customLineProgressAnim my-3&#8243; accent_color=&#8221;#04af86&#8243;][vc_column_text]Chegamos em Minas Gerais e S\u00e3o Paulo para oferecer toda nossa experi\u00eancia e qualidade em distribui\u00e7\u00e3o de pe\u00e7as automotivas. [&hellip;]<\/p>\n","protected":false},"author":1,"featured_media":0,"parent":0,"menu_order":0,"comment_status":"closed","ping_status":"closed","template":"","meta":[],"_links":{"self":[{"href":"https:\/\/pecabrasil.com.br\/pecabrasil\/wp-json\/wp\/v2\/pages\/1000"}],"collection":[{"href":"https:\/\/pecabrasil.com.br\/pecabrasil\/wp-json\/wp\/v2\/pages"}],"about":[{"href":"https:\/\/pecabrasil.com.br\/pecabrasil\/wp-json\/wp\/v2\/types\/page"}],"author":[{"embeddable":true,"href":"https:\/\/pecabrasil.com.br\/pecabrasil\/wp-json\/wp\/v2\/users\/1"}],"replies":[{"embeddable":true,"href":"https:\/\/pecabrasil.com.br\/pecabrasil\/wp-json\/wp\/v2\/comments?post=1000"}],"version-history":[{"count":12,"href":"https:\/\/pecabrasil.com.br\/pecabrasil\/wp-json\/wp\/v2\/pages\/1000\/revisions"}],"predecessor-version":[{"id":1233,"href":"https:\/\/pecabrasil.com.br\/pecabrasil\/wp-json\/wp\/v2\/pages\/1000\/revisions\/1233"}],"wp:attachment":[{"href":"https:\/\/pecabrasil.com.br\/pecabrasil\/wp-json\/wp\/v2\/media?parent=1000"}],"curies":[{"name":"wp","href":"https:\/\/api.w.org\/{rel}","templated":true}]}}