{"id":20,"date":"2020-12-25T14:59:34","date_gmt":"2020-12-25T14:59:34","guid":{"rendered":"http:\/\/sw-themes.com\/porto_dummy\/?page_id=20"},"modified":"2023-02-15T16:26:55","modified_gmt":"2023-02-15T19:26:55","slug":"home","status":"publish","type":"page","link":"https:\/\/pecabrasil.com.br\/pecabrasil\/","title":{"rendered":"Home"},"content":{"rendered":"<p>[vc_row no_padding=&#8221;yes&#8221; el_class=&#8221;overflow-hidden&#8221;][vc_column]<div class=\"porto-ultimate-content-box-container custom-section-background kenBurnsToRight\"><style>#porto_ucb_5259{will-change: box-shadow;box-shadow: none;}<\/style><div class=\"porto-ultimate-content-box\" style=\"background-image:url(&#039;https:\/\/pecabrasil.com.br\/pecabrasil\/wp-content\/uploads\/2022\/04\/banner_portfolio_PB.jpeg&#039;);background-size: cover;background-repeat: no-repeat;background-position: center center;background-color: rgba(0, 0, 0, 0);\" id=\"porto_ucb_5259\"><\/div><\/div>[vc_row_inner wrap_container=&#8221;yes&#8221; el_class=&#8221;custom-bg-white position-relative py-sm-5 my-5&#8243;][vc_column_inner][vc_raw_html el_class=&#8221;mb-0&#8243;]JTNDc3ZnJTIwY2xhc3MlM0QlMjJjdXN0b20tc3ZnLTElMjBkLW5vbmUlMjBkLXNtLWJsb2NrJTIyJTIwdmVyc2lvbiUzRCUyMjEuMSUyMiUyMHhtbG5zJTNEJTIyaHR0cCUzQSUyRiUyRnd3dy53My5vcmclMkYyMDAwJTJGc3ZnJTIyJTIweG1sbnMlM0F4bGluayUzRCUyMmh0dHAlM0ElMkYlMkZ3d3cudzMub3JnJTJGMTk5OSUyRnhsaW5rJTIyJTIweCUzRCUyMjBweCUyMiUyMHklM0QlMjIwcHglMjIlMjB2aWV3Qm94JTNEJTIyMCUyMDAlMjA2NDklMjA1NzglMjIlM0UlMEElMDklMDklMDklMDklMDklMDklMDklM0NwYXRoJTIwZmlsbCUzRCUyMiUyM0ZGRiUyMiUyMGQlM0QlMjJNLTIyNS41JTJDMTU0LjdsMzU4LjQ1JTJDNDU2Ljk2YzcuNzElMkM5LjgzJTJDMjEuOTIlMkMxMS41NCUyQzMxLjc1JTJDMy44NGw0NTYuOTYtMzU4LjQ1YzkuODMtNy43MSUyQzExLjU0LTIxLjkyJTJDMy44NC0zMS43NSUwQSUwOSUwOSUwOSUwOSUwOSUwOSUwOSUwOUwyNjcuMDUtMjMxLjY2Yy03LjcxLTkuODMtMjEuOTItMTEuNTQtMzEuNzUtMy44NGwtNDU2Ljk2JTJDMzU4LjQ1Qy0yMzEuNDklMkMxMzAuNjYtMjMzLjIlMkMxNDQuODctMjI1LjUlMkMxNTQuN3olMjIlM0UlM0MlMkZwYXRoJTNFJTBBJTA5JTA5JTA5JTA5JTA5JTA5JTA5JTNDcGF0aCUyMGNsYXNzJTNEJTIyYW5pbWF0ZWQlMjBjdXN0b21MaW5lQW5pbSUyMiUyMGZpbGwlM0QlMjJub25lJTIyJTIwc3Ryb2tlJTNEJTIyJTIzMDRhZjg2JTIyJTIwc3Ryb2tlLXdpZHRoJTNEJTIyNC41JTIyJTIwc3Ryb2tlLW1pdGVybGltaXQlM0QlMjIxMCUyMiUyMGQlM0QlMjJNNDE2LTIxbDIwMi4yNyUyQzI5Mi45MWM1LjQyJTJDNy44NSUyQzMuNjMlMkMxOC41OS00LjA1JTJDMjQuMjVMMTk4JTJDNjAzJTIyJTIwc3R5bGUlM0QlMjJhbmltYXRpb24tZGVsYXklM0ElMjAzMDBtcyUzQiUyMGFuaW1hdGlvbi1kdXJhdGlvbiUzQSUyMDVzJTNCJTIyJTNFJTNDJTJGcGF0aCUzRSUwQSUwOSUwOSUwOSUwOSUwOSUwOSUzQyUyRnN2ZyUzRQ==[\/vc_raw_html][\/vc_column_inner][vc_column_inner el_class=&#8221;mb-5 z-index-1&#8243; width=&#8221;2\/3&#8243; offset=&#8221;vc_col-lg-5 vc_col-md-6&#8243;][vc_custom_heading text=&#8221;Agora ficou mais f\u00e1cil e mais r\u00e1pido acessar o nosso portif\u00f3lio!&#8221; font_container=&#8221;tag:h2|font_size:2.3em|text_align:left|line_height:44px&#8221; use_theme_fonts=&#8221;yes&#8221; skin=&#8221;primary&#8221; letter_spacing=&#8221;-1.61px&#8221; animation_delay=&#8221;1100&#8243; el_class=&#8221;mb-4 pb-2&#8243; animation_type=&#8221;fadeInUp&#8221;][vc_custom_heading text=&#8221;Clique em comprar agora e confira&#8221; font_container=&#8221;tag:h4|font_size:1.35em|text_align:left|color:%23969696|line_height:1.7&#8243; use_theme_fonts=&#8221;yes&#8221; font_weight=&#8221;700&#8243; letter_spacing=&#8221;-0.945px&#8221; animation_delay=&#8221;800&#8243; animation_type=&#8221;fadeInUp&#8221; el_class=&#8221;mb-1&#8243;][vc_btn title=&#8221;Comprar agora&#8221; shape=&#8221;rounded&#8221; i_align=&#8221;right&#8221; i_icon_fontawesome=&#8221;fas fa-long-arrow-alt-right&#8221; skin=&#8221;secondary&#8221; btn_fs=&#8221;1em&#8221; btn_fw=&#8221;700&#8243; btn_ls=&#8221;0&#8243; animation_delay=&#8221;1300&#8243; add_icon=&#8221;true&#8221; animation_type=&#8221;fadeInUp&#8221; btn_px=&#8221;3rem&#8221; btn_py=&#8221;1.3132rem&#8221; el_class=&#8221;custom-btn-arrow mb-0&#8243; link=&#8221;url:https%3A%2F%2Fkki.autonorte.com.br|title:Comprar%20Agora|target:_blank&#8221;][\/vc_column_inner][\/vc_row_inner][\/vc_column][\/vc_row][vc_row content_placement=&#8221;middle&#8221; wrap_container=&#8221;yes&#8221; css=&#8221;.vc_custom_1629148912416{padding-top: 50px !important;padding-bottom: 50px !important;background-color: #f7f7f7 !important;}&#8221;][vc_column offset=&#8221;vc_col-md-7&#8243;]<div class=\"porto-u-heading text-center text-lg-right mb-4 mb-lg-0  wpb_custom_95aa9a11c17ad45cfabaf210d84ee7cc\" data-hspacer=\"no_spacer\" data-halign=\"right\" style=\"text-align:right\" data-appear-animation=\"fadeInRight\" data-appear-animation-delay=\"1700\"><div class=\"porto-u-main-heading\"><h2   style=\"font-weight:700;color:#09358e;margin-bottom: 4px;font-size:28px;line-height:28px;letter-spacing:-1.4px;\">11 unidades para melhor atend\u00ea-lo<\/h2><\/div><div class=\"porto-u-sub-heading\" style=\"font-weight:700;color: #777777;font-size:16.8px;line-height:26px;\">estamos presentes no Nordeste e Sudeste<\/div><\/div>[\/vc_column][vc_column offset=&#8221;vc_col-md-5&#8243; el_class=&#8221;pl-lg-4&#8243;][vc_btn title=&#8221;Conhe\u00e7a nossas unidades&#8221; shape=&#8221;rounded&#8221; align=&#8221;left&#8221; skin=&#8221;secondary&#8221; btn_fs=&#8221;14px&#8221; btn_fw=&#8221;700&#8243; btn_ls=&#8221;0&#8243; el_cls=&#8221;btn-borders&#8221; animation_delay=&#8221;1500&#8243; link=&#8221;url:https%3A%2F%2Fpecabrasil.com.br%2Fpecabrasil%2Fnossas-unidades%2F|title:Appointment&#8221; btn_px=&#8221;2.4rem&#8221; btn_py=&#8221;1.3132rem&#8221; el_class=&#8221;mb-0 text-center text-lg-left ml-lg-2&#8243; animation_type=&#8221;fadeInRight&#8221;][\/vc_column][\/vc_row][vc_row content_placement=&#8221;middle&#8221; wrap_container=&#8221;yes&#8221; el_class=&#8221;my-5 pt-md-4 pt-xl-0&#8243; css=&#8221;.vc_custom_1632422588384{padding-bottom: 40px !important;background-color: #ebf3f7 !important;}&#8221;][vc_column el_class=&#8221;pb-sm-4 pb-lg-0 mb-5 mb-lg-0&#8243; offset=&#8221;vc_col-md-6&#8243;][vc_custom_heading text=&#8221;Atuamos h\u00e1 mais de 42 anos&#8221; use_theme_fonts=&#8221;yes&#8221; skin=&#8221;primary&#8221; animation_type=&#8221;fadeInUp&#8221; el_class=&#8221;mb-0&#8243;][vc_separator color=&#8221;custom&#8221; align=&#8221;align_left&#8221; border_width=&#8221;4&#8243; css_animation=&#8221;left-to-right&#8221; style=&#8221;solid&#8221; el_class=&#8221;custom-separator customLineProgressAnim my-3&#8243; accent_color=&#8221;#04af86&#8243;][vc_column_text]Chegamos em Minas Gerais e S\u00e3o Paulo para oferecer toda nossa experi\u00eancia e qualidade em distribui\u00e7\u00e3o de pe\u00e7as automotivas. Atuamos h\u00e1 mais de 42 anos no mercado e fazemos parte do <b><a style=\"color: #09358e;\" href=\"http:\/\/www.autonorte.com.br\" target=\"_blank\" rel=\"noopener\">Grupo Auto Norte<\/a><\/b>, distribuidora que conta com mais de 800 colaboradores diretos e indiretos e est\u00e1 presente no Nordeste e agora no Sudeste do pa\u00eds.[\/vc_column_text][vc_custom_heading text=&#8221;Todo esse sucesso se d\u00e1 ao nosso trabalho \u00e1rduo e dedica\u00e7\u00e3o, buscando sempre ser o distribuidor preferido dos nossos clientes em todas as regi\u00f5es que atuamos.&#8221; font_container=&#8221;tag:p|text_align:left&#8221; use_theme_fonts=&#8221;yes&#8221; animation_delay=&#8221;700&#8243; el_class=&#8221;pb-1 mb-4&#8243; animation_type=&#8221;fadeInUp&#8221;]<div class=\"porto-ultimate-content-box-container custom-view-more\" data-appear-animation=\"fadeInLeft\" data-appear-animation-delay=\"950\"><style>#porto_ucb_9665{will-change: box-shadow;box-shadow: none;}<\/style><div class=\"porto-ultimate-content-box\" style=\"\" id=\"porto_ucb_9665\">[vc_btn title=&#8221;Saiba mais&#8230;&#8221; shape=&#8221;rounded&#8221; skin=&#8221;secondary&#8221; btn_fs=&#8221;14px&#8221; btn_fw=&#8221;700&#8243; btn_ls=&#8221;0&#8243; animation_delay=&#8221;&#8221; link=&#8221;url:https%3A%2F%2Fpecabrasil.com.br%2Fpecabrasil%2Fsobre%2F|title:About&#8221; btn_px=&#8221;3rem&#8221; btn_py=&#8221;1.3132rem&#8221; el_class=&#8221;mb-sm-0 mr-sm-2&#8243;]<div class=\"porto-sicon-box  vc_custom_1648481253563 ml-sm-4 pl-sm-4 mb-0  wpb_custom_1efe903570d178ff0a9b7bfa5febd3a4 style_1 default-icon\"><div class=\"porto-sicon-default\"><div class=\"porto-just-icon-wrapper porto-icon none\" style=\"color:#212529;font-size:28.8px;margin-right:0px;\"><i class=\"porto-icon-phone-1\"><\/i><\/div><\/div><div class=\"porto-sicon-header\"><h5 class=\"porto-sicon-title\" style=\"font-weight:600;font-size:11.2px;line-height:13.44px;color:#777777;margin-bottom:0px;\">Telefones<\/h5><p style=\"font-weight:700;font-size:18.9px;line-height:1.2;color:#333333;\">(31) 3515-2500 e (11) 5225-0100<\/p><\/div> <!-- header --><\/div><!-- porto-sicon-box --><\/div><\/div>[\/vc_column][vc_column width=&#8221;3\/4&#8243; animation_delay=&#8221;1450&#8243; el_class=&#8221;pl-lg-5 pr-5 custom-auto-img&#8221; offset=&#8221;vc_col-md-6 vc_col-xs-10&#8243; animation_type=&#8221;fadeInLeft&#8221;][vc_single_image image=&#8221;965&#8243; img_size=&#8221;full&#8221; floating_start_pos=&#8221;top&#8221; floating_speed=&#8221;9.8&#8243; floating_duration=&#8221;1000&#8243; el_class=&#8221;mb-0&#8243;][\/vc_column][\/vc_row][vc_row wrap_container=&#8221;yes&#8221; css=&#8221;.vc_custom_1528969702599{margin-top: 15px !important;margin-bottom: 40px !important;padding-top: 60px !important;}&#8221;][vc_column width=&#8221;1\/4&#8243;][vc_custom_heading text=&#8221;Pe\u00e7a Brasil&#8221; font_container=&#8221;tag:h2|text_align:left|line_height:42px&#8221; use_theme_fonts=&#8221;yes&#8221; el_class=&#8221;font-weight-bold&#8221; css=&#8221;.vc_custom_1629150589049{margin-bottom: 15px !important;}&#8221;][vc_separator color=&#8221;custom&#8221; align=&#8221;align_left&#8221; border_width=&#8221;4&#8243; css_animation=&#8221;left-to-right&#8221; style=&#8221;solid&#8221; el_class=&#8221;custom-separator customLineProgressAnim my-3&#8243; accent_color=&#8221;#04af86&#8243;][vc_custom_heading text=&#8221;Com uma equipe experiente e fornecedores de alta qualidade, estamos prontos para atender \u00e0s suas demandas com rapidez e transpar\u00eancia.&#8221; font_container=&#8221;tag:p|text_align:left&#8221; use_theme_fonts=&#8221;yes&#8221; animation_delay=&#8221;700&#8243; el_class=&#8221;pb-1 mb-4&#8243; animation_type=&#8221;fadeInUp&#8221;][\/vc_column][vc_column width=&#8221;3\/4&#8243; el_class=&#8221;custom-counters-column&#8221; css=&#8221;.vc_custom_1484904385121{margin-top: 35px !important;}&#8221;][vc_row_inner][vc_column_inner width=&#8221;1\/3&#8243; css=&#8221;.vc_custom_1485263686475{padding-top: 30px !important;padding-right: 30px !important;padding-left: 60px !important;background-color: #ffffff !important;}&#8221;]<div class=\"stats-block stats-left   wpb_custom_a517333ace5b1666c6af8bd4684f1de9 \"><div class=\"porto-sicon-left\"><div class=\"porto-just-icon-wrapper porto-icon none\" style=\"color:#09358e;font-size:32px;\"><i class=\"porto-icon-calendar\"><\/i><\/div><\/div><div class=\"stats-desc\"><div id=\"counter_101391596069de323a4c891\" data-id=\"counter_101391596069de323a4c891\" class=\"stats-number\" style=\" font-size:45px;color:#4dbb6d;\" data-speed=\"3\" data-counter-value=\"41\" data-separator=\".\" data-decimal=\",\">0<\/div><div class=\"counter_suffix mycust\" style=\" font-size:45px;color:#4dbb6d\">+<\/div><div class=\"stats-text\" style=\"color:#1e1e24;\">Anos no mercado<\/div><\/div><\/div>[\/vc_column_inner][vc_column_inner width=&#8221;1\/3&#8243; css=&#8221;.vc_custom_1484901463613{border-left-width: 1px !important;padding-top: 30px !important;padding-right: 30px !important;padding-left: 30px !important;border-left-color: #dadada !important;border-left-style: solid !important;}&#8221;]<div class=\"stats-block stats-left   wpb_custom_a517333ace5b1666c6af8bd4684f1de9 \"><div class=\"porto-sicon-left\"><div class=\"porto-just-icon-wrapper porto-icon none\" style=\"color:#09358e;font-size:32px;\"><i class=\"porto-icon-users\"><\/i><\/div><\/div><div class=\"stats-desc\"><div id=\"counter_179347292669de323a4c997\" data-id=\"counter_179347292669de323a4c997\" class=\"stats-number\" style=\" font-size:45px;color:#4dbb6d;\" data-speed=\"3\" data-counter-value=\"900\" data-separator=\".\" data-decimal=\",\">0<\/div><div class=\"counter_suffix mycust\" style=\" font-size:45px;color:#4dbb6d\">+<\/div><div class=\"stats-text\" style=\"color:#1e1e24;\">Colaboradores<\/div><\/div><\/div>[\/vc_column_inner][vc_column_inner width=&#8221;1\/3&#8243; css=&#8221;.vc_custom_1629159389506{border-left-width: 1px !important;padding-top: 30px !important;padding-right: 30px !important;padding-left: 30px !important;border-left-color: #dadada !important;border-left-style: solid !important;}&#8221;]<div class=\"stats-block stats-left   wpb_custom_a517333ace5b1666c6af8bd4684f1de9 \"><div class=\"porto-sicon-left\"><div class=\"porto-just-icon-wrapper porto-icon none\" style=\"color:#09358e;font-size:32px;\"><i class=\"porto-icon-fazer-compras\"><\/i><\/div><\/div><div class=\"stats-desc\"><div id=\"counter_31515475069de323a4ca69\" data-id=\"counter_31515475069de323a4ca69\" class=\"stats-number\" style=\" font-size:45px;color:#4dbb6d;\" data-speed=\"3\" data-counter-value=\"11\" data-separator=\".\" data-decimal=\",\">0<\/div><div class=\"counter_suffix mycust\" style=\" font-size:45px;color:#4dbb6d\">+<\/div><div class=\"stats-text\" style=\"color:#1e1e24;\">Unidades<\/div><\/div><\/div>[\/vc_column_inner][\/vc_row_inner][vc_row_inner css=&#8221;.vc_custom_1629159475611{border-top-width: 1px !important;border-top-color: #dadada !important;border-top-style: solid !important;}&#8221;][vc_column_inner width=&#8221;1\/3&#8243; css=&#8221;.vc_custom_1484901956433{padding-top: 30px !important;padding-right: 30px !important;padding-left: 60px !important;}&#8221;]<div class=\"stats-block stats-left   wpb_custom_a517333ace5b1666c6af8bd4684f1de9 \"><div class=\"porto-sicon-left\"><div class=\"porto-just-icon-wrapper porto-icon none\" style=\"color:#09358e;font-size:32px;\"><i class=\"porto-icon-smiling-baby\"><\/i><\/div><\/div><div class=\"stats-desc\"><div id=\"counter_168554433169de323a4cb56\" data-id=\"counter_168554433169de323a4cb56\" class=\"stats-number\" style=\" font-size:45px;color:#4dbb6d;\" data-speed=\"3\" data-counter-value=\"65000\" data-separator=\".\" data-decimal=\",\">0<\/div><div class=\"counter_suffix mycust\" style=\" font-size:45px;color:#4dbb6d\">+<\/div><div class=\"stats-text\" style=\"color:#1e1e24;\">Clientes satisfeitos<\/div><\/div><\/div>[\/vc_column_inner][vc_column_inner width=&#8221;1\/3&#8243; css=&#8221;.vc_custom_1629159340016{border-left-width: 1px !important;padding-top: 30px !important;padding-right: 30px !important;padding-left: 30px !important;background-color: #ffffff !important;border-left-color: #dadada !important;border-left-style: solid !important;}&#8221;]<div class=\"stats-block stats-left   wpb_custom_a517333ace5b1666c6af8bd4684f1de9 \"><div class=\"porto-sicon-left\"><div class=\"porto-just-icon-wrapper porto-icon none\" style=\"color:#09358e;font-size:32px;\"><i class=\"porto-icon-cart\"><\/i><\/div><\/div><div class=\"stats-desc\"><div id=\"counter_55817410869de323a4cc19\" data-id=\"counter_55817410869de323a4cc19\" class=\"stats-number\" style=\" font-size:45px;color:#4dbb6d;\" data-speed=\"3\" data-counter-value=\"60000\" data-separator=\".\" data-decimal=\",\">0<\/div><div class=\"counter_suffix mycust\" style=\" font-size:45px;color:#4dbb6d\">+<\/div><div class=\"stats-text\" style=\"color:#1e1e24;\">Itens comercializados<\/div><\/div><\/div>[\/vc_column_inner][vc_column_inner width=&#8221;1\/3&#8243; css=&#8221;.vc_custom_1629159347140{border-left-width: 1px !important;padding-top: 30px !important;padding-right: 30px !important;padding-left: 30px !important;border-left-color: #dadada !important;border-left-style: solid !important;}&#8221;]<div class=\"stats-block stats-left   wpb_custom_a517333ace5b1666c6af8bd4684f1de9 \"><div class=\"porto-sicon-left\"><div class=\"porto-just-icon-wrapper porto-icon none\" style=\"color:#09358e;font-size:32px;\"><i class=\"porto-icon-shipped\"><\/i><\/div><\/div><div class=\"stats-desc\"><div id=\"counter_78481297369de323a4ccd6\" data-id=\"counter_78481297369de323a4ccd6\" class=\"stats-number\" style=\" font-size:45px;color:#4dbb6d;\" data-speed=\"3\" data-counter-value=\"150\" data-separator=\".\" data-decimal=\",\">0<\/div><div class=\"counter_suffix mycust\" style=\" font-size:45px;color:#4dbb6d\">+<\/div><div class=\"stats-text\" style=\"color:#1e1e24;\">Fornecedores<\/div><\/div><\/div>[\/vc_column_inner][\/vc_row_inner][\/vc_column][\/vc_row][vc_row wrap_container=&#8221;yes&#8221; css=&#8221;.vc_custom_1528969702599{margin-top: 15px !important;margin-bottom: 40px !important;padding-top: 60px !important;}&#8221;][vc_column width=&#8221;2\/4&#8243;][vc_custom_heading text=&#8221;Nossos produtos&#8221; use_theme_fonts=&#8221;yes&#8221; skin=&#8221;primary&#8221; animation_delay=&#8221;300&#8243; animation_type=&#8221;fadeInUp&#8221; el_class=&#8221;text-left mb-0&#8243;][vc_separator color=&#8221;custom&#8221; align=&#8221;align_left&#8221; border_width=&#8221;4&#8243; css_animation=&#8221;left-to-right&#8221; style=&#8221;solid&#8221; el_class=&#8221;custom-separator customLineProgressAnim my-3&#8243; accent_color=&#8221;#04af86&#8243;][vc_custom_heading text=&#8221;Somos refer\u00eancia na distribui\u00e7\u00e3o de pe\u00e7as de reposi\u00e7\u00e3o automotiva nas linhas, leve, pesada e moto pe\u00e7as. S\u00e3o mais de 60.000 itens comercializados para todos os estados Nordeste, al\u00e9m do Norte e Sudeste&#8221; font_container=&#8221;tag:p|text_align:left&#8221; use_theme_fonts=&#8221;yes&#8221; animation_delay=&#8221;700&#8243; el_class=&#8221;pb-2 mb-4&#8243; animation_type=&#8221;fadeInUp&#8221;][vc_btn title=&#8221;Veja mais&#8230;&#8221; shape=&#8221;rounded&#8221; align=&#8221;left&#8221; skin=&#8221;secondary&#8221; btn_fs=&#8221;14px&#8221; btn_fw=&#8221;700&#8243; btn_ls=&#8221;0&#8243; animation_delay=&#8221;&#8221; link=&#8221;url:https%3A%2F%2Fpecabrasil.com.br%2Fpecabrasil%2Fnossas-linhas-de-produtos%2F|title:About&#8221; btn_px=&#8221;2.4rem&#8221; btn_py=&#8221;1.313rem&#8221; el_class=&#8221;mb-sm-0&#8243;][\/vc_column][vc_column width=&#8221;3\/6&#8243; el_class=&#8221;custom-counters-column&#8221; css=&#8221;.vc_custom_1484904385121{margin-top: 35px !important;}&#8221;][vc_row_inner el_class=&#8221;custom-service-gallery m-b-sm pb-2&#8243;][vc_column_inner width=&#8221;1\/2&#8243; css=&#8221;.vc_custom_1629163806987{background-color: #ffffff !important;}&#8221;]<a class=\"porto-sicon-box-link\" href=\"https:\/\/pecabrasil.com.br\/pecabrasil\/nossas-linhas-de-produtos\/auto-pecas\/\" title='Auto Pe\u00e7as'><div class=\"porto-sicon-box  wpb_custom_1efe903570d178ff0a9b7bfa5febd3a4 style_2 top-icon\"><div class=\"porto-sicon-top\"><div id=\"porto-icon-74155918069de323a4deed\" class=\"porto-just-icon-wrapper porto-sicon-img\" style=\"font-size: 267.5px;margin-bottom:6px;\"><img class=\"img-icon\" alt=\"\" src=\"https:\/\/pecabrasil.com.br\/pecabrasil\/wp-content\/uploads\/2021\/09\/autopecas-pb.jpg\" width=\"600\" height=\"426\" \/><\/div><\/div><div class=\"porto-sicon-header\"><h3 class=\"porto-sicon-title\" style=\"font-weight:700;font-size:21px;line-height:24px;letter-spacing:-1.05px;color:#09358e;\">Auto Pe\u00e7as<\/h3><\/div> <!-- header --><\/div><!-- porto-sicon-box --><\/a>[\/vc_column_inner][vc_column_inner width=&#8221;1\/2&#8243;]<a class=\"porto-sicon-box-link\" href=\"https:\/\/pecabrasil.com.br\/pecabrasil\/nossas-linhas-de-produtos\/moto-pecas\/\" title='Moto Pe\u00e7as'><div class=\"porto-sicon-box  wpb_custom_1efe903570d178ff0a9b7bfa5febd3a4 style_2 top-icon\"><div class=\"porto-sicon-top\"><div id=\"porto-icon-159433452169de323a512a0\" class=\"porto-just-icon-wrapper porto-sicon-img\" style=\"font-size: 267.5px;margin-bottom:6px;\"><img class=\"img-icon\" alt=\"\" src=\"https:\/\/pecabrasil.com.br\/pecabrasil\/wp-content\/uploads\/2021\/09\/motopecas-pb.jpg\" width=\"600\" height=\"426\" \/><\/div><\/div><div class=\"porto-sicon-header\"><h3 class=\"porto-sicon-title\" style=\"font-weight:700;font-size:21px;line-height:24px;letter-spacing:-1.05px;color:#09358e;\">Moto Pe\u00e7as<\/h3><\/div> <!-- header --><\/div><!-- porto-sicon-box --><\/a>[\/vc_column_inner][\/vc_row_inner][\/vc_column][\/vc_row]<\/p>\n","protected":false},"excerpt":{"rendered":"<p>[vc_row no_padding=&#8221;yes&#8221; el_class=&#8221;overflow-hidden&#8221;][vc_column][vc_row_inner wrap_container=&#8221;yes&#8221; el_class=&#8221;custom-bg-white position-relative py-sm-5 my-5&#8243;][vc_column_inner][vc_raw_html el_class=&#8221;mb-0&#8243;]JTNDc3ZnJTIwY2xhc3MlM0QlMjJjdXN0b20tc3ZnLTElMjBkLW5vbmUlMjBkLXNtLWJsb2NrJTIyJTIwdmVyc2lvbiUzRCUyMjEuMSUyMiUyMHhtbG5zJTNEJTIyaHR0cCUzQSUyRiUyRnd3dy53My5vcmclMkYyMDAwJTJGc3ZnJTIyJTIweG1sbnMlM0F4bGluayUzRCUyMmh0dHAlM0ElMkYlMkZ3d3cudzMub3JnJTJGMTk5OSUyRnhsaW5rJTIyJTIweCUzRCUyMjBweCUyMiUyMHklM0QlMjIwcHglMjIlMjB2aWV3Qm94JTNEJTIyMCUyMDAlMjA2NDklMjA1NzglMjIlM0UlMEElMDklMDklMDklMDklMDklMDklMDklM0NwYXRoJTIwZmlsbCUzRCUyMiUyM0ZGRiUyMiUyMGQlM0QlMjJNLTIyNS41JTJDMTU0LjdsMzU4LjQ1JTJDNDU2Ljk2YzcuNzElMkM5LjgzJTJDMjEuOTIlMkMxMS41NCUyQzMxLjc1JTJDMy44NGw0NTYuOTYtMzU4LjQ1YzkuODMtNy43MSUyQzExLjU0LTIxLjkyJTJDMy44NC0zMS43NSUwQSUwOSUwOSUwOSUwOSUwOSUwOSUwOSUwOUwyNjcuMDUtMjMxLjY2Yy03LjcxLTkuODMtMjEuOTItMTEuNTQtMzEuNzUtMy44NGwtNDU2Ljk2JTJDMzU4LjQ1Qy0yMzEuNDklMkMxMzAuNjYtMjMzLjIlMkMxNDQuODctMjI1LjUlMkMxNTQuN3olMjIlM0UlM0MlMkZwYXRoJTNFJTBBJTA5JTA5JTA5JTA5JTA5JTA5JTA5JTNDcGF0aCUyMGNsYXNzJTNEJTIyYW5pbWF0ZWQlMjBjdXN0b21MaW5lQW5pbSUyMiUyMGZpbGwlM0QlMjJub25lJTIyJTIwc3Ryb2tlJTNEJTIyJTIzMDRhZjg2JTIyJTIwc3Ryb2tlLXdpZHRoJTNEJTIyNC41JTIyJTIwc3Ryb2tlLW1pdGVybGltaXQlM0QlMjIxMCUyMiUyMGQlM0QlMjJNNDE2LTIxbDIwMi4yNyUyQzI5Mi45MWM1LjQyJTJDNy44NSUyQzMuNjMlMkMxOC41OS00LjA1JTJDMjQuMjVMMTk4JTJDNjAzJTIyJTIwc3R5bGUlM0QlMjJhbmltYXRpb24tZGVsYXklM0ElMjAzMDBtcyUzQiUyMGFuaW1hdGlvbi1kdXJhdGlvbiUzQSUyMDVzJTNCJTIyJTNFJTNDJTJGcGF0aCUzRSUwQSUwOSUwOSUwOSUwOSUwOSUwOSUzQyUyRnN2ZyUzRQ==[\/vc_raw_html][\/vc_column_inner][vc_column_inner el_class=&#8221;mb-5 z-index-1&#8243; width=&#8221;2\/3&#8243; offset=&#8221;vc_col-lg-5 vc_col-md-6&#8243;][vc_custom_heading text=&#8221;Agora ficou mais f\u00e1cil e mais r\u00e1pido acessar o nosso portif\u00f3lio!&#8221; font_container=&#8221;tag:h2|font_size:2.3em|text_align:left|line_height:44px&#8221; use_theme_fonts=&#8221;yes&#8221; skin=&#8221;primary&#8221; letter_spacing=&#8221;-1.61px&#8221; animation_delay=&#8221;1100&#8243; el_class=&#8221;mb-4 pb-2&#8243; animation_type=&#8221;fadeInUp&#8221;][vc_custom_heading text=&#8221;Clique em comprar agora e confira&#8221; font_container=&#8221;tag:h4|font_size:1.35em|text_align:left|color:%23969696|line_height:1.7&#8243; use_theme_fonts=&#8221;yes&#8221; font_weight=&#8221;700&#8243; letter_spacing=&#8221;-0.945px&#8221; animation_delay=&#8221;800&#8243; animation_type=&#8221;fadeInUp&#8221; el_class=&#8221;mb-1&#8243;][vc_btn title=&#8221;Comprar agora&#8221; shape=&#8221;rounded&#8221; i_align=&#8221;right&#8221; i_icon_fontawesome=&#8221;fas fa-long-arrow-alt-right&#8221; skin=&#8221;secondary&#8221; btn_fs=&#8221;1em&#8221; btn_fw=&#8221;700&#8243; [&hellip;]<\/p>\n","protected":false},"author":1,"featured_media":0,"parent":0,"menu_order":0,"comment_status":"closed","ping_status":"closed","template":"","meta":[],"_links":{"self":[{"href":"https:\/\/pecabrasil.com.br\/pecabrasil\/wp-json\/wp\/v2\/pages\/20"}],"collection":[{"href":"https:\/\/pecabrasil.com.br\/pecabrasil\/wp-json\/wp\/v2\/pages"}],"about":[{"href":"https:\/\/pecabrasil.com.br\/pecabrasil\/wp-json\/wp\/v2\/types\/page"}],"author":[{"embeddable":true,"href":"https:\/\/pecabrasil.com.br\/pecabrasil\/wp-json\/wp\/v2\/users\/1"}],"replies":[{"embeddable":true,"href":"https:\/\/pecabrasil.com.br\/pecabrasil\/wp-json\/wp\/v2\/comments?post=20"}],"version-history":[{"count":104,"href":"https:\/\/pecabrasil.com.br\/pecabrasil\/wp-json\/wp\/v2\/pages\/20\/revisions"}],"predecessor-version":[{"id":1369,"href":"https:\/\/pecabrasil.com.br\/pecabrasil\/wp-json\/wp\/v2\/pages\/20\/revisions\/1369"}],"wp:attachment":[{"href":"https:\/\/pecabrasil.com.br\/pecabrasil\/wp-json\/wp\/v2\/media?parent=20"}],"curies":[{"name":"wp","href":"https:\/\/api.w.org\/{rel}","templated":true}]}}