{"id":630,"date":"2021-08-17T17:27:22","date_gmt":"2021-08-17T20:27:22","guid":{"rendered":"https:\/\/pecabrasil.com.br\/pecabrasil\/?page_id=630"},"modified":"2021-09-24T12:49:07","modified_gmt":"2021-09-24T15:49:07","slug":"nossas-linhas-de-produtos","status":"publish","type":"page","link":"https:\/\/pecabrasil.com.br\/pecabrasil\/nossas-linhas-de-produtos\/","title":{"rendered":"Nossas Linhas de Produtos"},"content":{"rendered":"<p>[vc_row][vc_column][vc_custom_heading text=&#8221;Nossas Linhas de Produtos&#8221; use_theme_fonts=&#8221;yes&#8221; skin=&#8221;primary&#8221; animation_type=&#8221;fadeInUp&#8221; el_class=&#8221;mb-0&#8243;][vc_separator color=&#8221;custom&#8221; align=&#8221;align_left&#8221; border_width=&#8221;4&#8243; css_animation=&#8221;left-to-right&#8221; style=&#8221;solid&#8221; el_class=&#8221;custom-separator customLineProgressAnim my-3&#8243; accent_color=&#8221;#04af86&#8243;][vc_custom_heading text=&#8221;Somos refer\u00eancia na distribui\u00e7\u00e3o de pe\u00e7as de reposi\u00e7\u00e3o automotiva nas linhas, leve, pesada e moto pe\u00e7as. S\u00e3o mais de 60.000 itens comercializados para todos os estados Nordeste, al\u00e9m do Norte e Sudeste&#8221; font_container=&#8221;tag:p|text_align:left&#8221; use_theme_fonts=&#8221;yes&#8221; animation_delay=&#8221;700&#8243; el_class=&#8221;pb-1 mb-4&#8243; animation_type=&#8221;fadeInUp&#8221;][\/vc_column][\/vc_row][vc_row el_class=&#8221;custom-service-gallery m-b-sm pb-2&#8243;][vc_column width=&#8221;1\/5&#8243;][\/vc_column][vc_column width=&#8221;1\/5&#8243;]<a class=\"porto-sicon-box-link\" href=\"https:\/\/pecabrasil.com.br\/pecabrasil\/nossas-linhas-de-produtos\/auto-pecas\/\" title='Auto Pe\u00e7as'><div class=\"porto-sicon-box  wpb_custom_1efe903570d178ff0a9b7bfa5febd3a4 style_2 top-icon\"><div class=\"porto-sicon-top\"><div id=\"porto-icon-74354652169de63bede4a3\" class=\"porto-just-icon-wrapper porto-sicon-img\" style=\"font-size: 300px;\"><img class=\"img-icon\" alt=\"\" src=\"https:\/\/pecabrasil.com.br\/pecabrasil\/wp-content\/uploads\/2021\/09\/autopecas-pb.jpg\" width=\"600\" height=\"426\" \/><\/div><\/div><div class=\"porto-sicon-header\"><h3 class=\"porto-sicon-title\" style=\"color:#09358e;\">AUTO PE\u00c7AS<\/h3><\/div> <!-- header --><div class=\"porto-sicon-description\" style=\"\"><span style=\"color: #777777;\">Na Pe\u00e7a Brasil voc\u00ea encontra os maiores e melhores fabricantes nacionais de produtos para as linhas leve e pesada<\/span><\/p>\n<p><a class=\"learn-more text-dark font-size-sm font-weight-bold text-color-secondary\" href=\"https:\/\/pecabrasil.com.br\/pecabrasil\/nossas-linhas-de-produtos\/auto-pecas\/\">Nossos Fornecedores <i class=\"fa fa-angle-right font-weight-bold text-color-secondary\"><\/i><\/a><\/div> <!-- description --><\/div><!-- porto-sicon-box --><\/a>[\/vc_column][vc_column width=&#8221;1\/5&#8243;][\/vc_column][vc_column width=&#8221;1\/5&#8243;]<a class=\"porto-sicon-box-link\" href=\"https:\/\/pecabrasil.com.br\/pecabrasil\/nossas-linhas-de-produtos\/auto-pecas\/\" title='Auto Pe\u00e7as'><div class=\"porto-sicon-box  wpb_custom_1efe903570d178ff0a9b7bfa5febd3a4 style_2 top-icon\"><div class=\"porto-sicon-top\"><div id=\"porto-icon-30156364869de63beea021\" class=\"porto-just-icon-wrapper porto-sicon-img\" style=\"font-size: 300px;\"><img class=\"img-icon\" alt=\"\" src=\"https:\/\/pecabrasil.com.br\/pecabrasil\/wp-content\/uploads\/2021\/09\/motopecas-pb.jpg\" width=\"600\" height=\"426\" \/><\/div><\/div><div class=\"porto-sicon-header\"><h3 class=\"porto-sicon-title\" style=\"color:#09358e;\">MOTO PE\u00c7AS<\/h3><\/div> <!-- header --><div class=\"porto-sicon-description\" style=\"\"><span style=\"color: #777777;\">A Pe\u00e7a Brasil oferece tudo o que h\u00e1 de melhor em Moto Pe\u00e7as. Os melhores pre\u00e7os e as maiores marcas, como voc\u00ea merece<\/span><\/p>\n<p><a class=\"learn-more text-dark font-size-sm font-weight-bold text-color-secondary\" href=\"https:\/\/pecabrasil.com.br\/pecabrasil\/nossas-linhas-de-produtos\/moto-pecas\/\">Nossos Fornecedores <i class=\"fa fa-angle-right font-weight-bold text-color-secondary\"><\/i><\/a><\/div> <!-- description --><\/div><!-- porto-sicon-box --><\/a>[\/vc_column][vc_column width=&#8221;1\/5&#8243;][\/vc_column][\/vc_row]<\/p>\n","protected":false},"excerpt":{"rendered":"<p>[vc_row][vc_column][vc_custom_heading text=&#8221;Nossas Linhas de Produtos&#8221; use_theme_fonts=&#8221;yes&#8221; skin=&#8221;primary&#8221; animation_type=&#8221;fadeInUp&#8221; el_class=&#8221;mb-0&#8243;][vc_separator color=&#8221;custom&#8221; align=&#8221;align_left&#8221; border_width=&#8221;4&#8243; css_animation=&#8221;left-to-right&#8221; style=&#8221;solid&#8221; el_class=&#8221;custom-separator customLineProgressAnim my-3&#8243; accent_color=&#8221;#04af86&#8243;][vc_custom_heading text=&#8221;Somos refer\u00eancia na distribui\u00e7\u00e3o de pe\u00e7as de reposi\u00e7\u00e3o automotiva nas linhas, leve, pesada e moto pe\u00e7as. S\u00e3o mais de 60.000 itens comercializados para todos os estados Nordeste, al\u00e9m do Norte e Sudeste&#8221; font_container=&#8221;tag:p|text_align:left&#8221; use_theme_fonts=&#8221;yes&#8221; animation_delay=&#8221;700&#8243; el_class=&#8221;pb-1 mb-4&#8243; [&hellip;]<\/p>\n","protected":false},"author":1,"featured_media":0,"parent":0,"menu_order":0,"comment_status":"closed","ping_status":"closed","template":"","meta":[],"_links":{"self":[{"href":"https:\/\/pecabrasil.com.br\/pecabrasil\/wp-json\/wp\/v2\/pages\/630"}],"collection":[{"href":"https:\/\/pecabrasil.com.br\/pecabrasil\/wp-json\/wp\/v2\/pages"}],"about":[{"href":"https:\/\/pecabrasil.com.br\/pecabrasil\/wp-json\/wp\/v2\/types\/page"}],"author":[{"embeddable":true,"href":"https:\/\/pecabrasil.com.br\/pecabrasil\/wp-json\/wp\/v2\/users\/1"}],"replies":[{"embeddable":true,"href":"https:\/\/pecabrasil.com.br\/pecabrasil\/wp-json\/wp\/v2\/comments?post=630"}],"version-history":[{"count":31,"href":"https:\/\/pecabrasil.com.br\/pecabrasil\/wp-json\/wp\/v2\/pages\/630\/revisions"}],"predecessor-version":[{"id":1138,"href":"https:\/\/pecabrasil.com.br\/pecabrasil\/wp-json\/wp\/v2\/pages\/630\/revisions\/1138"}],"wp:attachment":[{"href":"https:\/\/pecabrasil.com.br\/pecabrasil\/wp-json\/wp\/v2\/media?parent=630"}],"curies":[{"name":"wp","href":"https:\/\/api.w.org\/{rel}","templated":true}]}}